{"id":10659,"date":"2026-04-18T15:33:47","date_gmt":"2026-04-18T13:33:47","guid":{"rendered":"https:\/\/kontaktbeograd.rs\/?page_id=10659"},"modified":"2026-04-19T14:57:00","modified_gmt":"2026-04-19T12:57:00","slug":"bez-straha","status":"publish","type":"page","link":"https:\/\/kontaktbeograd.rs\/sr\/bez-straha\/","title":{"rendered":"Bez straha"},"content":{"rendered":"<div class=\"fusion-fullwidth fullwidth-box fusion-builder-row-1 fusion-flex-container nonhundred-percent-fullwidth non-hundred-percent-height-scrolling\" style=\"--awb-border-radius-top-left:0px;--awb-border-radius-top-right:0px;--awb-border-radius-bottom-right:0px;--awb-border-radius-bottom-left:0px;--awb-padding-top:0px;--awb-padding-right:0px;--awb-padding-bottom:0px;--awb-padding-left:0px;--awb-padding-right-small:20px;--awb-padding-left-small:27px;--awb-flex-wrap:wrap;\" ><div class=\"fusion-builder-row fusion-row fusion-flex-align-items-flex-start fusion-flex-content-wrap\" style=\"max-width:1331.2px;margin-left: calc(-4% \/ 2 );margin-right: calc(-4% \/ 2 );\"><div class=\"fusion-layout-column fusion_builder_column fusion-builder-column-0 fusion_builder_column_1_1 1_1 fusion-flex-column\" style=\"--awb-bg-blend:overlay;--awb-bg-size:cover;--awb-width-large:100%;--awb-margin-top-large:0px;--awb-spacing-right-large:1.92%;--awb-margin-bottom-large:0px;--awb-spacing-left-large:1.92%;--awb-width-medium:100%;--awb-spacing-right-medium:1.92%;--awb-spacing-left-medium:1.92%;--awb-width-small:100%;--awb-spacing-right-small:1.92%;--awb-spacing-left-small:1.92%;\"><div class=\"fusion-column-wrapper fusion-flex-justify-content-flex-start fusion-content-layout-column\"><div class=\"fusion-text fusion-text-1\"><p><img decoding=\"async\" class=\"lazyload aligncenter size-large wp-image-10667\" src=\"https:\/\/kontaktbeograd.rs\/wp-content\/uploads\/2026\/04\/jameson-web-1024x531.jpg\" data-orig-src=\"https:\/\/kontaktbeograd.rs\/wp-content\/uploads\/2026\/04\/jameson-web-1024x531.jpg\" alt=\"\" width=\"1024\" height=\"531\" srcset=\"data:image\/svg+xml,%3Csvg%20xmlns%3D%27http%3A%2F%2Fwww.w3.org%2F2000%2Fsvg%27%20width%3D%271024%27%20height%3D%27531%27%20viewBox%3D%270%200%201024%20531%27%3E%3Crect%20width%3D%271024%27%20height%3D%27531%27%20fill-opacity%3D%220%22%2F%3E%3C%2Fsvg%3E\" data-srcset=\"https:\/\/kontaktbeograd.rs\/wp-content\/uploads\/2026\/04\/jameson-web-200x104.jpg 200w, https:\/\/kontaktbeograd.rs\/wp-content\/uploads\/2026\/04\/jameson-web-300x156.jpg 300w, https:\/\/kontaktbeograd.rs\/wp-content\/uploads\/2026\/04\/jameson-web-400x207.jpg 400w, https:\/\/kontaktbeograd.rs\/wp-content\/uploads\/2026\/04\/jameson-web-600x311.jpg 600w, https:\/\/kontaktbeograd.rs\/wp-content\/uploads\/2026\/04\/jameson-web-768x398.jpg 768w, https:\/\/kontaktbeograd.rs\/wp-content\/uploads\/2026\/04\/jameson-web-800x415.jpg 800w, https:\/\/kontaktbeograd.rs\/wp-content\/uploads\/2026\/04\/jameson-web-1024x531.jpg 1024w, https:\/\/kontaktbeograd.rs\/wp-content\/uploads\/2026\/04\/jameson-web.jpg 1200w\" data-sizes=\"auto\" data-orig-sizes=\"(max-width: 1024px) 100vw, 1024px\" \/><\/p>\n<p style=\"text-align: center;\"><b>Snaga je u delu! Autorskom delu!<\/b><\/p>\n<p style=\"text-align: center;\"><b>OTVOREN JE KONKURS ZA MUZI\u010cARE ,,BEZ STRAHA&#8220;<\/b><\/p>\n<p style=\"text-align: center;\"><b>Nagradni fond je 2.000 evra, gitara i gitarsko poja\u010dalo<\/b><\/p>\n<p>Kontakt konferencija, showcase i festival raspisuje konkurs ,,Bez straha&#8220; namenjen muzi\u010darima iz Srbije i Crne Gore. Kao platforma za ja\u010danje muzi\u010dke infrastrukture regiona koja deluje tokom cele godine, a znaju\u0107i da je muzika, pesma, odnosno autorsko delo i snaga koju nosi, glavno polazi\u0161te ovog dela kreativnih industrija, Kontakt je u saradnji sa partnerima raspisao konkurs, koji je otvoren do 31. maja 2026. godine.<\/p>\n<p>Konkurs ,,Bez straha&#8220; namenjen je svim autorima i bendovima koji neguju autenti\u010dan zvuk i kojima je muzika izraz li\u010dne slobode. Konkurs BEZ STRAHA je za sve one koji stvaraju gitarsku muziku i spremni su da svoj zvuk podele bez zadr\u0161ke. <b>Nagradni fond je inspirativan i atraktivan: gitara Fender Telecaster, gitarsko poja\u010dalo i nov\u010dana nagrada u uznosu od 2.000 evra<\/b>. Tro\u010dlanu konkursnu komisiju \u010dine \u017eiri \u010dine Marko Stojanovi\u0107 Luis (Marko Louis) kantautor i muzi\u010dar, Ivan Lon\u010darevi\u0107 (Pop Depresija) \u2013 muzi\u010dki kriti\u010dar i novinar i Marija Todorovi\u0107 \u2013 glavna i odgovorna urednica Oblakoder magazina. Kriterijum na osnovu kojih \u0107e ocenjivati dostavljene prijave ti\u010du se kvaliteta izvo\u0111enja, umetni\u010dkih kapaciteta i inovativnosti muzi\u010dkih dela.<\/p>\n<p><strong>Za u\u010de\u0161\u0107e u konkursu potrebno je da se ispune slede\u0107i uslovi:<\/strong><\/p>\n<ul>\n<li>Svi izvo\u0111a\u010di moraju biti punoletna lica.<\/li>\n<li>Svi izvo\u0111a\u010di moraju biti dr\u017eavljani Republike Srbije ili Republike Crne Gore.<\/li>\n<li>Kompozicije koje se prijavljuju moraju biti originalna autorska dela. Dozvoljena je prijava pesama koje su komponovane na postoje\u0107i tekst, odnosno, na ve\u0107 objavljeno delo iz oblasti poezije, pod uslovom da su autor teksta ili njegovi naslednici dali saglasnost i da isti tekst nije kori\u0161\u0107en za komponovanje i objavljivanje muzi\u010dkih dela.<\/li>\n<\/ul>\n<p>Na konkursu ne mogu da u\u010destvuju \u010dlanovi konkursne komisije, \u010dlanovi \u017eirija niti \u010dlanovi organizacionog odbora festivala, kao ni sa njima direktno povezana lica (\u010dlanovi u\u017ee porodice, bra\u010dni partneri, zakonski povezana lica).<\/p>\n<p><span style=\"letter-spacing: 0.27px; background-color: rgba(0, 0, 0, 0);\"><b>FORMULAR za prijavu dostupan je na ovom<\/b><\/span><b> <a href=\"https:\/\/forms.gle\/t4W1GccLyQQMnvqn6\">LINKU<\/a><\/b><\/p>\n<p>Konkurs ,,Bez straha&#8220; rezultat je saradnje Jamesona i Kontakt konferencije, showcase-a i festivala.<\/p>\n<h4 style=\"text-align: left; --fontSize: 20; line-height: 1.5; --minFontSize: 20;\" data-fontsize=\"20\" data-lineheight=\"30px\" class=\"fusion-responsive-typography-calculated\"><span style=\"color: rgb(45, 45, 45); font-size: 18px;\" data-fusion-font=\"true\"><\/span><span data-fusion-font=\"true\" style=\"font-size: 18px;\"><span style=\"color: rgb(45, 45, 45);\">Pravilnik konkursa preuzmite konkursa preuzmite<\/span> <\/span><a href=\"https:\/\/kontaktbeograd.rs\/wp-content\/uploads\/2026\/04\/Pravilnik-konkursa-Bezstraha.pdf\" target=\"_blank\" rel=\"noopener\" style=\"font-size: 18px;\" data-fusion-font=\"true\">OVDE<\/a><\/h4>\n<\/div><\/div><\/div><\/div><\/div>\n","protected":false},"excerpt":{"rendered":"","protected":false},"author":6,"featured_media":0,"parent":0,"menu_order":0,"comment_status":"closed","ping_status":"closed","template":"100-width.php","meta":{"footnotes":""},"class_list":["post-10659","page","type-page","status-publish","hentry"],"yoast_head":"<!-- This site is optimized with the Yoast SEO plugin v27.4 - https:\/\/yoast.com\/product\/yoast-seo-wordpress\/ -->\n<title>Bez straha - Kontakt konferencija<\/title>\n<meta name=\"robots\" content=\"index, follow, max-snippet:-1, max-image-preview:large, max-video-preview:-1\" \/>\n<link rel=\"canonical\" href=\"https:\/\/kontaktbeograd.rs\/sr\/bez-straha\/\" \/>\n<meta property=\"og:locale\" content=\"sr_RS\" \/>\n<meta property=\"og:type\" content=\"article\" \/>\n<meta property=\"og:title\" content=\"Bez straha - Kontakt konferencija\" \/>\n<meta property=\"og:url\" content=\"https:\/\/kontaktbeograd.rs\/sr\/bez-straha\/\" \/>\n<meta property=\"og:site_name\" content=\"Kontakt konferencija\" \/>\n<meta property=\"article:publisher\" content=\"https:\/\/www.facebook.com\/KontaktBeograd\/\" \/>\n<meta property=\"article:modified_time\" content=\"2026-04-19T12:57:00+00:00\" \/>\n<meta property=\"og:image\" content=\"https:\/\/kontaktbeograd.rs\/wp-content\/uploads\/2026\/04\/jameson-web.jpg\" \/>\n\t<meta property=\"og:image:width\" content=\"1200\" \/>\n\t<meta property=\"og:image:height\" content=\"622\" \/>\n\t<meta property=\"og:image:type\" content=\"image\/jpeg\" \/>\n<meta name=\"twitter:card\" content=\"summary_large_image\" \/>\n<meta name=\"twitter:label1\" content=\"Procenjeno vreme \u010ditanja\" \/>\n\t<meta name=\"twitter:data1\" content=\"3 minuta\" \/>\n<script type=\"application\/ld+json\" class=\"yoast-schema-graph\">{\"@context\":\"https:\\\/\\\/schema.org\",\"@graph\":[{\"@type\":\"WebPage\",\"@id\":\"https:\\\/\\\/kontaktbeograd.rs\\\/sr\\\/bez-straha\\\/\",\"url\":\"https:\\\/\\\/kontaktbeograd.rs\\\/sr\\\/bez-straha\\\/\",\"name\":\"Bez straha - Kontakt konferencija\",\"isPartOf\":{\"@id\":\"https:\\\/\\\/kontaktbeograd.rs\\\/sr\\\/#website\"},\"primaryImageOfPage\":{\"@id\":\"https:\\\/\\\/kontaktbeograd.rs\\\/sr\\\/bez-straha\\\/#primaryimage\"},\"image\":{\"@id\":\"https:\\\/\\\/kontaktbeograd.rs\\\/sr\\\/bez-straha\\\/#primaryimage\"},\"thumbnailUrl\":\"https:\\\/\\\/kontaktbeograd.rs\\\/wp-content\\\/uploads\\\/2026\\\/04\\\/jameson-web-1024x531.jpg\",\"datePublished\":\"2026-04-18T13:33:47+00:00\",\"dateModified\":\"2026-04-19T12:57:00+00:00\",\"breadcrumb\":{\"@id\":\"https:\\\/\\\/kontaktbeograd.rs\\\/sr\\\/bez-straha\\\/#breadcrumb\"},\"inLanguage\":\"sr-RS\",\"potentialAction\":[{\"@type\":\"ReadAction\",\"target\":[\"https:\\\/\\\/kontaktbeograd.rs\\\/sr\\\/bez-straha\\\/\"]}]},{\"@type\":\"ImageObject\",\"inLanguage\":\"sr-RS\",\"@id\":\"https:\\\/\\\/kontaktbeograd.rs\\\/sr\\\/bez-straha\\\/#primaryimage\",\"url\":\"https:\\\/\\\/kontaktbeograd.rs\\\/wp-content\\\/uploads\\\/2026\\\/04\\\/jameson-web-1024x531.jpg\",\"contentUrl\":\"https:\\\/\\\/kontaktbeograd.rs\\\/wp-content\\\/uploads\\\/2026\\\/04\\\/jameson-web-1024x531.jpg\"},{\"@type\":\"BreadcrumbList\",\"@id\":\"https:\\\/\\\/kontaktbeograd.rs\\\/sr\\\/bez-straha\\\/#breadcrumb\",\"itemListElement\":[{\"@type\":\"ListItem\",\"position\":1,\"name\":\"Home\",\"item\":\"https:\\\/\\\/kontaktbeograd.rs\\\/sr\\\/\"},{\"@type\":\"ListItem\",\"position\":2,\"name\":\"Bez straha\"}]},{\"@type\":\"WebSite\",\"@id\":\"https:\\\/\\\/kontaktbeograd.rs\\\/sr\\\/#website\",\"url\":\"https:\\\/\\\/kontaktbeograd.rs\\\/sr\\\/\",\"name\":\"Kontakt konferencija\",\"description\":\"Kontakt 2025\",\"publisher\":{\"@id\":\"https:\\\/\\\/kontaktbeograd.rs\\\/sr\\\/#organization\"},\"potentialAction\":[{\"@type\":\"SearchAction\",\"target\":{\"@type\":\"EntryPoint\",\"urlTemplate\":\"https:\\\/\\\/kontaktbeograd.rs\\\/sr\\\/?s={search_term_string}\"},\"query-input\":{\"@type\":\"PropertyValueSpecification\",\"valueRequired\":true,\"valueName\":\"search_term_string\"}}],\"inLanguage\":\"sr-RS\"},{\"@type\":\"Organization\",\"@id\":\"https:\\\/\\\/kontaktbeograd.rs\\\/sr\\\/#organization\",\"name\":\"Kontakt konferencija\",\"url\":\"https:\\\/\\\/kontaktbeograd.rs\\\/sr\\\/\",\"logo\":{\"@type\":\"ImageObject\",\"inLanguage\":\"sr-RS\",\"@id\":\"https:\\\/\\\/kontaktbeograd.rs\\\/sr\\\/#\\\/schema\\\/logo\\\/image\\\/\",\"url\":\"https:\\\/\\\/www.kontakt.org.rs\\\/wp-content\\\/uploads\\\/2023\\\/01\\\/KONTAKT_23-header-logo-3.png\",\"contentUrl\":\"https:\\\/\\\/www.kontakt.org.rs\\\/wp-content\\\/uploads\\\/2023\\\/01\\\/KONTAKT_23-header-logo-3.png\",\"width\":706,\"height\":71,\"caption\":\"Kontakt konferencija\"},\"image\":{\"@id\":\"https:\\\/\\\/kontaktbeograd.rs\\\/sr\\\/#\\\/schema\\\/logo\\\/image\\\/\"},\"sameAs\":[\"https:\\\/\\\/www.facebook.com\\\/KontaktBeograd\\\/\",\"https:\\\/\\\/www.instagram.com\\\/kontakt_beograd\\\/\"]}]}<\/script>\n<!-- \/ Yoast SEO plugin. -->","yoast_head_json":{"title":"Bez straha - Kontakt konferencija","robots":{"index":"index","follow":"follow","max-snippet":"max-snippet:-1","max-image-preview":"max-image-preview:large","max-video-preview":"max-video-preview:-1"},"canonical":"https:\/\/kontaktbeograd.rs\/sr\/bez-straha\/","og_locale":"sr_RS","og_type":"article","og_title":"Bez straha - Kontakt konferencija","og_url":"https:\/\/kontaktbeograd.rs\/sr\/bez-straha\/","og_site_name":"Kontakt konferencija","article_publisher":"https:\/\/www.facebook.com\/KontaktBeograd\/","article_modified_time":"2026-04-19T12:57:00+00:00","og_image":[{"width":1200,"height":622,"url":"https:\/\/kontaktbeograd.rs\/wp-content\/uploads\/2026\/04\/jameson-web.jpg","type":"image\/jpeg"}],"twitter_card":"summary_large_image","twitter_misc":{"Procenjeno vreme \u010ditanja":"3 minuta"},"schema":{"@context":"https:\/\/schema.org","@graph":[{"@type":"WebPage","@id":"https:\/\/kontaktbeograd.rs\/sr\/bez-straha\/","url":"https:\/\/kontaktbeograd.rs\/sr\/bez-straha\/","name":"Bez straha - Kontakt konferencija","isPartOf":{"@id":"https:\/\/kontaktbeograd.rs\/sr\/#website"},"primaryImageOfPage":{"@id":"https:\/\/kontaktbeograd.rs\/sr\/bez-straha\/#primaryimage"},"image":{"@id":"https:\/\/kontaktbeograd.rs\/sr\/bez-straha\/#primaryimage"},"thumbnailUrl":"https:\/\/kontaktbeograd.rs\/wp-content\/uploads\/2026\/04\/jameson-web-1024x531.jpg","datePublished":"2026-04-18T13:33:47+00:00","dateModified":"2026-04-19T12:57:00+00:00","breadcrumb":{"@id":"https:\/\/kontaktbeograd.rs\/sr\/bez-straha\/#breadcrumb"},"inLanguage":"sr-RS","potentialAction":[{"@type":"ReadAction","target":["https:\/\/kontaktbeograd.rs\/sr\/bez-straha\/"]}]},{"@type":"ImageObject","inLanguage":"sr-RS","@id":"https:\/\/kontaktbeograd.rs\/sr\/bez-straha\/#primaryimage","url":"https:\/\/kontaktbeograd.rs\/wp-content\/uploads\/2026\/04\/jameson-web-1024x531.jpg","contentUrl":"https:\/\/kontaktbeograd.rs\/wp-content\/uploads\/2026\/04\/jameson-web-1024x531.jpg"},{"@type":"BreadcrumbList","@id":"https:\/\/kontaktbeograd.rs\/sr\/bez-straha\/#breadcrumb","itemListElement":[{"@type":"ListItem","position":1,"name":"Home","item":"https:\/\/kontaktbeograd.rs\/sr\/"},{"@type":"ListItem","position":2,"name":"Bez straha"}]},{"@type":"WebSite","@id":"https:\/\/kontaktbeograd.rs\/sr\/#website","url":"https:\/\/kontaktbeograd.rs\/sr\/","name":"Kontakt konferencija","description":"Kontakt 2025","publisher":{"@id":"https:\/\/kontaktbeograd.rs\/sr\/#organization"},"potentialAction":[{"@type":"SearchAction","target":{"@type":"EntryPoint","urlTemplate":"https:\/\/kontaktbeograd.rs\/sr\/?s={search_term_string}"},"query-input":{"@type":"PropertyValueSpecification","valueRequired":true,"valueName":"search_term_string"}}],"inLanguage":"sr-RS"},{"@type":"Organization","@id":"https:\/\/kontaktbeograd.rs\/sr\/#organization","name":"Kontakt konferencija","url":"https:\/\/kontaktbeograd.rs\/sr\/","logo":{"@type":"ImageObject","inLanguage":"sr-RS","@id":"https:\/\/kontaktbeograd.rs\/sr\/#\/schema\/logo\/image\/","url":"https:\/\/www.kontakt.org.rs\/wp-content\/uploads\/2023\/01\/KONTAKT_23-header-logo-3.png","contentUrl":"https:\/\/www.kontakt.org.rs\/wp-content\/uploads\/2023\/01\/KONTAKT_23-header-logo-3.png","width":706,"height":71,"caption":"Kontakt konferencija"},"image":{"@id":"https:\/\/kontaktbeograd.rs\/sr\/#\/schema\/logo\/image\/"},"sameAs":["https:\/\/www.facebook.com\/KontaktBeograd\/","https:\/\/www.instagram.com\/kontakt_beograd\/"]}]}},"_links":{"self":[{"href":"https:\/\/kontaktbeograd.rs\/sr\/wp-json\/wp\/v2\/pages\/10659","targetHints":{"allow":["GET"]}}],"collection":[{"href":"https:\/\/kontaktbeograd.rs\/sr\/wp-json\/wp\/v2\/pages"}],"about":[{"href":"https:\/\/kontaktbeograd.rs\/sr\/wp-json\/wp\/v2\/types\/page"}],"author":[{"embeddable":true,"href":"https:\/\/kontaktbeograd.rs\/sr\/wp-json\/wp\/v2\/users\/6"}],"replies":[{"embeddable":true,"href":"https:\/\/kontaktbeograd.rs\/sr\/wp-json\/wp\/v2\/comments?post=10659"}],"version-history":[{"count":11,"href":"https:\/\/kontaktbeograd.rs\/sr\/wp-json\/wp\/v2\/pages\/10659\/revisions"}],"predecessor-version":[{"id":10677,"href":"https:\/\/kontaktbeograd.rs\/sr\/wp-json\/wp\/v2\/pages\/10659\/revisions\/10677"}],"wp:attachment":[{"href":"https:\/\/kontaktbeograd.rs\/sr\/wp-json\/wp\/v2\/media?parent=10659"}],"curies":[{"name":"wp","href":"https:\/\/api.w.org\/{rel}","templated":true}]}}